{"id":16,"date":"2016-09-27T14:18:21","date_gmt":"2016-09-27T12:18:21","guid":{"rendered":"http:\/\/www.barenth-partner.at\/?page_id=16"},"modified":"2026-03-15T14:10:50","modified_gmt":"2026-03-15T13:10:50","slug":"klientenservice","status":"publish","type":"page","link":"https:\/\/www.barenth-partner.at\/en\/klientenservice\/","title":{"rendered":"Client Service"},"content":{"rendered":"<div id=\"pl-16\"  class=\"panel-layout\" ><div id=\"pg-16-0\"  class=\"panel-grid panel-has-style\" ><div class=\"siteorigin-panels-stretch mob-pad-15 panel-row-style panel-row-style-for-16-0\" style=\"border-bottom: 1px solid #ffffff;padding: 20px 0; \" data-stretch-type=\"full\" data-overlay=\"true\" data-overlay-color=\"#000000\" ><div id=\"pgc-16-0-0\"  class=\"panel-grid-cell\" ><div id=\"panel-16-0-0-0\" class=\"so-panel widget widget_sow-editor panel-first-child\" data-index=\"0\" ><div style=\"text-align: center;\" data-title-color=\"#443f3f\" data-headings-color=\"#443f3f\" data-title_alignment=\"center\" class=\"panel-widget-style panel-widget-style-for-16-0-0-0\" ><div\n\t\t\t\n\t\t\tclass=\"so-widget-sow-editor so-widget-sow-editor-base\"\n\t\t\t\n\t\t>\n<div class=\"siteorigin-widget-tinymce textwidget\">\n\t<p>&nbsp;<\/p>\n<hr \/>\n<h4 style=\"text-align: center;\"><span style=\"color: #041E42;\">General information<\/span><\/h4>\n<hr \/>\n<\/div>\n<\/div><\/div><\/div><div id=\"panel-16-0-0-1\" class=\"so-panel widget widget_sow-button\" data-index=\"1\" ><div style=\"text-align: left;\" data-title-color=\"#443f3f\" data-headings-color=\"#443f3f\" data-title_alignment=\"center\" class=\"panel-widget-style panel-widget-style-for-16-0-0-1\" ><div\n\t\t\t\n\t\t\tclass=\"so-widget-sow-button so-widget-sow-button-wire-c43e5a2b4ac5-16\"\n\t\t\t\n\t\t><div class=\"ow-button-base ow-button-align-center\"\n>\n\t\t\t<a\n\t\t\t\t\thref=\"https:\/\/klientenportal.at\/1722\/Login.aspx\"\n\t\t\t\t\tclass=\"sowb-button ow-icon-placement-left ow-button-hover\" target=\"_blank\" rel=\"noopener noreferrer\" \t>\n\t\t<span>\n\t\t\t\t\t\t\t<div class=\"sow-icon-image\" style=\"background-image: url(https:\/\/www.barenth-partner.at\/wp-content\/uploads\/2018\/01\/RZL-Klientenportal-150x150.jpg)\"><\/div>\n\t\t\t\t\n\t\t\tclient gateway\t\t<\/span>\n\t\t\t<\/a>\n\t<\/div>\n<\/div><\/div><\/div><div id=\"panel-16-0-0-2\" class=\"so-panel widget widget_sow-button\" data-index=\"2\" ><div style=\"text-align: left;\" data-title-color=\"#443f3f\" data-headings-color=\"#443f3f\" data-title_alignment=\"center\" class=\"panel-widget-style panel-widget-style-for-16-0-0-2\" ><div\n\t\t\t\n\t\t\tclass=\"so-widget-sow-button so-widget-sow-button-wire-c43e5a2b4ac5-16\"\n\t\t\t\n\t\t><div class=\"ow-button-base ow-button-align-center\"\n>\n\t\t\t<a\n\t\t\t\t\thref=\"https:\/\/get.teamviewer.com\/barenth-partner\"\n\t\t\t\t\tclass=\"sowb-button ow-icon-placement-left ow-button-hover\" target=\"_blank\" rel=\"noopener noreferrer\" \t>\n\t\t<span>\n\t\t\t\t\t\t\t<div class=\"sow-icon-image\" style=\"background-image: url(https:\/\/www.barenth-partner.at\/wp-content\/uploads\/2022\/01\/TeamViewer_Logo-150x150.png)\"><\/div>\n\t\t\t\t\n\t\t\tTeamViewer\t\t<\/span>\n\t\t\t<\/a>\n\t<\/div>\n<\/div><\/div><\/div><div id=\"panel-16-0-0-3\" class=\"so-panel widget widget_sow-editor\" data-index=\"3\" ><div style=\"text-align: left;\" data-title-color=\"#443f3f\" data-headings-color=\"#443f3f\" data-title_alignment=\"center\" class=\"panel-widget-style panel-widget-style-for-16-0-0-3\" ><div\n\t\t\t\n\t\t\tclass=\"so-widget-sow-editor so-widget-sow-editor-base\"\n\t\t\t\n\t\t>\n<div class=\"siteorigin-widget-tinymce textwidget\">\n\t<p>&nbsp;<\/p>\n<p style=\"text-align: center;\"><a href=\"http:\/\/www.barenth-partner.at\/wp-content\/uploads\/2018\/04\/AAB_2018_de.pdf\" target=\"_blank\" rel=\"noopener\">Allgemeine Auftragsbedingungen f\u00fcr Wirtschaftstreuhandberufe<\/a><\/p>\n<p style=\"text-align: center;\"><a href=\"http:\/\/www.ksw.or.at\/ResourceImage.aspx?raid=1864\" target=\"_blank\" rel=\"noopener\">Allgemeine Auftragsbedingungen f\u00fcr Abschlusspr\u00fcfungen<\/a><\/p>\n<\/div>\n<\/div><\/div><\/div><div id=\"panel-16-0-0-4\" class=\"so-panel widget widget_sow-editor\" data-index=\"4\" ><div style=\"text-align: center;\" data-title-color=\"#443f3f\" data-headings-color=\"#443f3f\" data-title_alignment=\"center\" class=\"panel-widget-style panel-widget-style-for-16-0-0-4\" ><div\n\t\t\t\n\t\t\tclass=\"so-widget-sow-editor so-widget-sow-editor-base\"\n\t\t\t\n\t\t><h4 class=\"widget-title\">Aktuelle Informationen<\/h4>\n<div class=\"siteorigin-widget-tinymce textwidget\">\n\t<div class=\"siteorigin-widget-tinymce textwidget\">\n<hr \/>\n<h4 style=\"text-align: center;\"><span style=\"color: #041E42;\">Current information<\/span><\/h4>\n<hr \/>\n<\/div>\n<\/div>\n<\/div><\/div><\/div><div id=\"panel-16-0-0-5\" class=\"widget_text so-panel widget widget_custom_html panel-last-child\" data-index=\"5\" ><div style=\"text-align: left;\" data-title-color=\"#47425d\" data-headings-color=\"#443f3f\" data-title_alignment=\"center\" class=\"widget_text panel-widget-style panel-widget-style-for-16-0-0-5\" ><h4 class=\"widget-title\">Klienten-Info<\/h4><div class=\"textwidget custom-html-widget\"><div id=\"klifo\"><\/div><\/div><\/div><\/div><\/div><\/div><\/div><div id=\"pg-16-1\"  class=\"panel-grid panel-has-style\" ><div class=\"siteorigin-panels-stretch mob-pad-15 panel-row-style panel-row-style-for-16-1\" style=\"border-bottom: 1px solid #1e73be;padding: 20px 0; \" data-stretch-type=\"full\" data-overlay=\"true\" data-overlay-color=\"#000000\" ><div id=\"pgc-16-1-0\"  class=\"panel-grid-cell\" ><div id=\"panel-16-1-0-0\" class=\"so-panel widget widget_sow-editor panel-first-child\" data-index=\"6\" ><div style=\"text-align: center;\" data-title-color=\"#443f3f\" data-headings-color=\"#443f3f\" data-title_alignment=\"center\" class=\"panel-widget-style panel-widget-style-for-16-1-0-0\" ><div\n\t\t\t\n\t\t\tclass=\"so-widget-sow-editor so-widget-sow-editor-base\"\n\t\t\t\n\t\t><h4 class=\"widget-title\">Links<\/h4>\n<div class=\"siteorigin-widget-tinymce textwidget\">\n\t<div class=\"siteorigin-widget-tinymce textwidget\">\n<hr \/>\n<h4 style=\"text-align: center;\"><span style=\"color: #041E42;\">Links<\/span><\/h4>\n<hr \/>\n<\/div>\n<\/div>\n<\/div><\/div><\/div><div id=\"panel-16-1-0-1\" class=\"so-panel widget widget_sow-editor panel-last-child\" data-index=\"7\" ><div style=\"text-align: left;\" data-title-color=\"#443f3f\" data-headings-color=\"#443f3f\" data-title_alignment=\"center\" class=\"panel-widget-style panel-widget-style-for-16-1-0-1\" ><div\n\t\t\t\n\t\t\tclass=\"so-widget-sow-editor so-widget-sow-editor-base\"\n\t\t\t\n\t\t>\n<div class=\"siteorigin-widget-tinymce textwidget\">\n\t<p>&nbsp;<\/p>\n<h6 style=\"text-align: center;\">Taxes, law and service<\/h6>\n<p style=\"text-align: center;\"><a href=\"https:\/\/www.ris.bka.gv.at\/\" target=\"_blank\" rel=\"noopener\">Rechtsinformationssystem<\/a><\/p>\n<p style=\"text-align: center;\"><a href=\"https:\/\/findok.bmf.gv.at\/findok\/\" target=\"_blank\" rel=\"noopener\">Richtlinien Finanzbeh\u00f6rde \/ Entscheidungen BFG<\/a><\/p>\n<p style=\"text-align: center;\"><a href=\"https:\/\/www.sozdok.at\/sozdok\/allgemein\/startseite.xhtml\" target=\"_blank\" rel=\"noopener\">Dokumentation des \u00f6sterreichischen Sozialversicherungsrecht<\/a><\/p>\n<p style=\"text-align: center;\"><a href=\"https:\/\/edikte.justiz.gv.at\/\" target=\"_blank\" rel=\"noopener\">Insolvenzdatenbank<\/a><\/p>\n<p>&nbsp;<\/p>\n<h6 style=\"text-align: center;\">Authorities<\/h6>\n<p style=\"text-align: center;\"><a href=\"https:\/\/www.bmf.gv.at\/\" target=\"_blank\" rel=\"noopener\">Bundesministerium f\u00fcr Finanzen<\/a><\/p>\n<p style=\"text-align: center;\"><a href=\"https:\/\/www.sozialversicherung.at\/\" target=\"_blank\" rel=\"noopener\">Hauptverband der \u00d6sterreichischen Sozialversicherungstr\u00e4ger<\/a><\/p>\n<p style=\"text-align: center;\"><a href=\"https:\/\/www.svs.at\/\" target=\"_blank\" rel=\"noopener\">Sozialversicherungsanstalt der Selbst\u00e4ndigen<\/a><\/p>\n<p style=\"text-align: center;\"><a href=\"https:\/\/www.gesundheitskasse.at\/\" target=\"_blank\" rel=\"noopener\">\u00d6sterreichische Gesundheitskasse<\/a><\/p>\n<p>&nbsp;<\/p>\n<h6 style=\"text-align: center;\">Official chambers<\/h6>\n<p style=\"text-align: center;\"><a href=\"https:\/\/ksw.or.at\" target=\"_blank\" rel=\"noopener\">Kammer der Steuerberater:innen und Wirtschaftspr\u00fcfer:innen<\/a><\/p>\n<p style=\"text-align: center;\"><a href=\"https:\/\/www.wko.at\" target=\"_blank\" rel=\"noopener\">Wirtschaftskammer \u00d6sterreich<\/a><\/p>\n<\/div>\n<\/div><\/div><\/div><\/div><\/div><\/div><\/div>","protected":false},"excerpt":{"rendered":"<p>&nbsp; General information &nbsp; Allgemeine Auftragsbedingungen f\u00fcr Wirtschaftstreuhandberufe Allgemeine Auftragsbedingungen f\u00fcr Abschlusspr\u00fcfungen Current information Links &nbsp; Taxes, law and service Rechtsinformationssystem Richtlinien [&hellip;]<\/p>\n","protected":false},"author":1,"featured_media":0,"parent":0,"menu_order":7,"comment_status":"closed","ping_status":"closed","template":"page-templates\/page_front-page.php","meta":{"footnotes":""},"class_list":["post-16","page","type-page","status-publish","hentry"],"amp_enabled":false,"_links":{"self":[{"href":"https:\/\/www.barenth-partner.at\/en\/wp-json\/wp\/v2\/pages\/16","targetHints":{"allow":["GET"]}}],"collection":[{"href":"https:\/\/www.barenth-partner.at\/en\/wp-json\/wp\/v2\/pages"}],"about":[{"href":"https:\/\/www.barenth-partner.at\/en\/wp-json\/wp\/v2\/types\/page"}],"author":[{"embeddable":true,"href":"https:\/\/www.barenth-partner.at\/en\/wp-json\/wp\/v2\/users\/1"}],"replies":[{"embeddable":true,"href":"https:\/\/www.barenth-partner.at\/en\/wp-json\/wp\/v2\/comments?post=16"}],"version-history":[{"count":405,"href":"https:\/\/www.barenth-partner.at\/en\/wp-json\/wp\/v2\/pages\/16\/revisions"}],"predecessor-version":[{"id":4005,"href":"https:\/\/www.barenth-partner.at\/en\/wp-json\/wp\/v2\/pages\/16\/revisions\/4005"}],"wp:attachment":[{"href":"https:\/\/www.barenth-partner.at\/en\/wp-json\/wp\/v2\/media?parent=16"}],"curies":[{"name":"wp","href":"https:\/\/api.w.org\/{rel}","templated":true}]}}