{"id":2420,"date":"2018-05-21T06:47:46","date_gmt":"2018-05-21T04:47:46","guid":{"rendered":"https:\/\/www.barenth-partner.at\/?page_id=2420"},"modified":"2018-06-09T07:35:51","modified_gmt":"2018-06-09T05:35:51","slug":"datenschutzerklaerung","status":"publish","type":"page","link":"https:\/\/www.barenth-partner.at\/en\/datenschutzerklaerung\/","title":{"rendered":"Datenschutzerkl\u00e4rung"},"content":{"rendered":"<div id=\"pl-2420\"  class=\"panel-layout\" ><div id=\"pg-2420-0\"  class=\"panel-grid panel-has-style\" ><div class=\"siteorigin-panels-stretch panel-row-style panel-row-style-for-2420-0\" style=\"padding: 100px 0; \" data-stretch-type=\"full\" data-overlay=\"true\" data-overlay-color=\"#000000\" ><div id=\"pgc-2420-0-0\"  class=\"panel-grid-cell\" ><div id=\"panel-2420-0-0-0\" class=\"so-panel widget widget_sow-editor panel-first-child panel-last-child\" data-index=\"0\" ><div style=\"text-align: left;\" data-title-color=\"#47425d\" data-headings-color=\"#443f3f\" data-title_alignment=\"center\" class=\"panel-widget-style panel-widget-style-for-2420-0-0-0\" ><div\n\t\t\t\n\t\t\tclass=\"so-widget-sow-editor so-widget-sow-editor-base\"\n\t\t\t\n\t\t><h4 class=\"widget-title\">Datenschutzerkl\u00e4rung<\/h4>\n<div class=\"siteorigin-widget-tinymce textwidget\">\n\t<h4>Datenschutzerkl\u00e4rung<\/h4>\n<p class=\"Grundschrift\" style=\"margin-bottom: 9.9pt;\">Diese Website wird von Barenth &amp; Partner Wirtschaftspr\u00fcfungs- und Steuerberatungsgesellschaft mbH, Museumstra\u00dfe 5, 6020 Innsbruck (\u201ewir\u201c bzw \u201euns\u201c) betrieben. Diese Mitteilung beschreibt, wie wir als datenschutzrechtlich Verantwortlicher, Ihre personenbezogenen Daten im Zusammenhang mit dieser Website verarbeiten.<\/p>\n<h4>1. Welche Daten verarbeiten wir von Ihnen<\/h4>\n<p>Im Zuge Ihres Besuches dieser Website werden wir folgende Informationen erheben: Das Datum und die Uhrzeit des Aufrufs einer Seite auf unserer Website, Ihre IP-Adresse, Name und Version Ihres Web-Browsers, die Webseite (URL), die Sie vor dem Aufruf dieser Website besucht haben, bestimmte Cookies (siehe Punkt 2 unten) und jene Informationen, die Sie selbst durch<em> Ausf\u00fcllen des Kontaktformulars oder des Bewerbungsformulars <\/em>zur Verf\u00fcgung stellen.<\/p>\n<p>Es besteht keine Verpflichtung, jene Daten, um deren Angabe wir Sie auf unserer Website bitten, tats\u00e4chlich anzugeben. Wenn Sie dies jedoch nicht tun, wird es Ihnen nicht m\u00f6glich sein, alle Funktionen der Website zu nutzen.<\/p>\n<h4>2. Cookies<\/h4>\n<p class=\"Grundschrift\">Auf dieser Website werden sogenannte Cookies verwendet. Ein Cookie ist eine kleine Datei, die auf Ihrem Computer gespeichert werden kann, wenn Sie eine Website besuchen. Grunds\u00e4tzlich werden Cookies verwendet, um Nutzern zus\u00e4tzliche Funktionen auf einer Website zu bieten. Sie k\u00f6nnen zum Beispiel verwendet werden, um Ihnen die Navigation auf einer Website zu erleichtern, es Ihnen zu erm\u00f6glichen, eine Website dort weiter zu verwenden, wo Sie sie verlassen haben und\/oder Ihre Pr\u00e4ferenzen und Einstellungen zu speichern, wenn Sie die Website wieder besuchen. Cookies k\u00f6nnen auf keine anderen Daten auf Ihrem Computer zugreifen, diese lesen oder ver\u00e4ndern.<\/p>\n<p class=\"Grundschrift\">Die meisten der Cookies auf dieser Website sind sogenannte Session-Cookies. Sie werden automatisch gel\u00f6scht, wenn Sie unsere Website wieder verlassen. Dauerhafte Cookies hingegen bleiben auf Ihrem Computer, bis Sie sie manuell in Ihrem Browser l\u00f6schen. Wir verwenden solche dauerhaften Cookies, um Sie wieder zu erkennen, wenn Sie unsere Website das n\u00e4chste Mal besuchen.<\/p>\n<p class=\"Grundschrift\">Wenn Sie Cookies auf Ihrem Computer kontrollieren wollen, k\u00f6nnen Sie ihre Browser-Einstellungen so w\u00e4hlen, dass Sie eine Benachrichtigung bekommen, wenn eine Website Cookies speichern will. Sie k\u00f6nnen Cookies auch blockieren oder l\u00f6schen, wenn sie bereits auf Ihrem Computer gespeichert wurden. Wenn Sie mehr dar\u00fcber wissen m\u00f6chten, wie Sie diese Schritte setzen k\u00f6nnen, ben\u00fctzen Sie bitte die \u201eHilfe\u201c-Funktion in Ihrem Browser.<\/p>\n<p class=\"Grundschrift\" style=\"margin-bottom: 11.35pt;\">Beachten Sie bitte, dass das Blockieren oder L\u00f6schen von Cookies Ihre Online-Erfahrung beeintr\u00e4chtigen und Sie daran hindern k\u00f6nnte, diese Website vollst\u00e4ndig zu nutzen.<\/p>\n<h4>3. Zweck der Datenverarbeitung<\/h4>\n<p>Wir werden Ihre personenbezogenen Daten zu folgenden Zwecken verarbeiten:<\/p>\n<p><strong>&gt;<\/strong><strong>\u00a0\u00a0\u00a0 <\/strong>um Ihnen diese Website zur Verf\u00fcgung zu stellen und um diese Website weiter zu verbessern und zu entwickeln;<\/p>\n<p><strong>&gt;<\/strong><strong>\u00a0\u00a0\u00a0 <\/strong>um Nutzungsstatistiken erstellen zu k\u00f6nnen;<\/p>\n<p><strong>&gt;<\/strong><strong>\u00a0\u00a0\u00a0 <\/strong>um Angriffe auf unsere Website erkennen, verhindern und untersuchen zu k\u00f6nnen;<\/p>\n<p><strong>&gt;<\/strong><strong>\u00a0\u00a0\u00a0 <\/strong>um auf Ihre Anfragen zu antworten.<\/p>\n<h4>4. Rechtsgrundlagen der Verarbeitung<\/h4>\n<p>Die rechtliche Grundlage f\u00fcr die Verarbeitung Ihrer personenbezogenen Daten ist unser \u00fcberwiegendes berechtigtes Interesse (gem\u00e4\u00df Art\u00a06 Abs\u00a01 lit\u00a0f EU Datenschutz-Grundverordnung), welches darin besteht, die oben unter Punkt 3 genannten Zwecke zu erreichen.<\/p>\n<h4>5. Dauer der Speicherung<\/h4>\n<p class=\"Grundschrift\">Wir werden Ihre Daten grunds\u00e4tzlich f\u00fcr eine Dauer von drei Monaten speichern. Eine l\u00e4ngere Speicherung erfolgt nur, soweit dies erforderlich ist, um festgestellte Angriffe auf unsere Website zu untersuchen.<\/p>\n<h4>6. Ihre Rechte im Zusammenhang mit personenbezogenen Daten<\/h4>\n<p>Sie sind unter anderem berechtigt (unter den Voraussetzungen anwendbaren Rechts), (i) zu \u00fcberpr\u00fcfen, ob und welche personenbezogenen Daten wir \u00fcber Sie gespeichert haben und Kopien dieser Daten zu erhalten, (ii) die Berichtigung, Erg\u00e4nzung oder das L\u00f6schen Ihrer personenbezogenen Daten, die falsch sind oder nicht rechtskonform verarbeitet werden, zu verlangen, (iii) von uns zu verlangen, die Verarbeitung Ihrer personenbezogenen Daten einzuschr\u00e4nken, und (iv) unter bestimmten Umst\u00e4nden der Verarbeitung Ihrer personenbezogenen Daten zu widersprechen oder die f\u00fcr das Verarbeiten zuvor gegebene Einwilligung zu widerrufen, (v) Daten\u00fcbertragbarkeit zu verlangen, (vi) die Identit\u00e4t von Dritten, an welche Ihre personenbezogenen Daten \u00fcbermittelt werden, zu kennen und (vii) bei der zust\u00e4ndigen Beh\u00f6rde Beschwerde zu erheben.<\/p>\n<h4>7. Unsere Kontakdaten<\/h4>\n<p class=\"Grundschrift\">Sollten Sie zu der Verarbeitung Ihrer personenbezogenen Daten Fragen oder Anliegen haben, wenden Sie sich bitte an uns:<\/p>\n<p class=\"Grundschrift\">Barenth &amp; Partner Wirtschaftspr\u00fcfungs- und Steuerberatungsgesellschaft mbH<\/p>\n<p class=\"Grundschrift\">Museumstra\u00dfe 5\u00a0 |\u00a0 6020 Innsbruck\u00a0 |\u00a0 Austria<\/p>\n<p class=\"Grundschrift\">office@barenth-partner.at<\/p>\n<p class=\"Grundschrift\">Zuletzt aktualisiert am 09.06.2018.<\/p>\n<\/div>\n<\/div><\/div><\/div><\/div><\/div><\/div><\/div>","protected":false},"excerpt":{"rendered":"<p>Datenschutzerkl\u00e4rung Diese Website wird von Barenth &amp; Partner Wirtschaftspr\u00fcfungs- und Steuerberatungsgesellschaft mbH, Museumstra\u00dfe 5, 6020 Innsbruck (\u201ewir\u201c bzw \u201euns\u201c) betrieben. Diese Mitteilung [&hellip;]<\/p>\n","protected":false},"author":1,"featured_media":0,"parent":0,"menu_order":0,"comment_status":"closed","ping_status":"closed","template":"page-templates\/page_front-page.php","meta":{"footnotes":""},"class_list":["post-2420","page","type-page","status-publish","hentry"],"amp_enabled":false,"_links":{"self":[{"href":"https:\/\/www.barenth-partner.at\/en\/wp-json\/wp\/v2\/pages\/2420","targetHints":{"allow":["GET"]}}],"collection":[{"href":"https:\/\/www.barenth-partner.at\/en\/wp-json\/wp\/v2\/pages"}],"about":[{"href":"https:\/\/www.barenth-partner.at\/en\/wp-json\/wp\/v2\/types\/page"}],"author":[{"embeddable":true,"href":"https:\/\/www.barenth-partner.at\/en\/wp-json\/wp\/v2\/users\/1"}],"replies":[{"embeddable":true,"href":"https:\/\/www.barenth-partner.at\/en\/wp-json\/wp\/v2\/comments?post=2420"}],"version-history":[{"count":13,"href":"https:\/\/www.barenth-partner.at\/en\/wp-json\/wp\/v2\/pages\/2420\/revisions"}],"predecessor-version":[{"id":2453,"href":"https:\/\/www.barenth-partner.at\/en\/wp-json\/wp\/v2\/pages\/2420\/revisions\/2453"}],"wp:attachment":[{"href":"https:\/\/www.barenth-partner.at\/en\/wp-json\/wp\/v2\/media?parent=2420"}],"curies":[{"name":"wp","href":"https:\/\/api.w.org\/{rel}","templated":true}]}}