{"id":3194,"date":"2021-11-16T17:06:25","date_gmt":"2021-11-16T16:06:25","guid":{"rendered":"https:\/\/www.barenth-partner.at\/?page_id=3194"},"modified":"2026-03-15T14:06:47","modified_gmt":"2026-03-15T13:06:47","slug":"benefits","status":"publish","type":"page","link":"https:\/\/www.barenth-partner.at\/en\/benefits\/","title":{"rendered":"Services"},"content":{"rendered":"<div id=\"pl-3194\"  class=\"panel-layout\" ><div id=\"pg-3194-0\"  class=\"panel-grid panel-has-style\" ><div class=\"siteorigin-panels-stretch panel-row-style panel-row-style-for-3194-0\" style=\"border-bottom: 1px solid #ffffff;padding: 100px 0; \" data-stretch-type=\"full\" data-overlay=\"true\" data-overlay-color=\"#000000\" ><div id=\"pgc-3194-0-0\"  class=\"panel-grid-cell\" ><div id=\"panel-3194-0-0-0\" class=\"so-panel widget widget_sow-editor panel-first-child\" data-index=\"0\" ><div style=\"text-align: left;\" data-title-color=\"#443f3f\" data-headings-color=\"#443f3f\" data-title_alignment=\"center\" class=\"panel-widget-style panel-widget-style-for-3194-0-0-0\" ><div\n\t\t\t\n\t\t\tclass=\"so-widget-sow-editor so-widget-sow-editor-base\"\n\t\t\t\n\t\t><h4 class=\"widget-title\">Moderne Arbeitspl\u00e4tze<\/h4>\n<div class=\"siteorigin-widget-tinymce textwidget\">\n\t<p>(Deutsch) <\/p>\n<div class=\"siteorigin-widget-tinymce textwidget\">\n<hr \/>\n<h4 style=\"text-align: center;\"><span style=\"color: #041E42;\">Moderne Arbeitspl\u00e4tze<\/span><\/h4>\n<hr \/>\n<\/div>\n<\/div>\n<\/div><\/div><\/div><div id=\"panel-3194-0-0-1\" class=\"so-panel widget widget_sow-editor\" data-index=\"1\" ><div style=\"text-align: left;\" data-title-color=\"#443f3f\" data-headings-color=\"#443f3f\" data-title_alignment=\"center\" class=\"panel-widget-style panel-widget-style-for-3194-0-0-1\" ><div\n\t\t\t\n\t\t\tclass=\"so-widget-sow-editor so-widget-sow-editor-base\"\n\t\t\t\n\t\t>\n<div class=\"siteorigin-widget-tinymce textwidget\">\n\t<p>Unsere Kanzlei befindet sich in der Innenstadt in einem Altbau mit repr\u00e4sentativen R\u00e4umen. Bei der Gestaltung der R\u00e4ume wurden die Anregungen und W\u00fcnsche der Mitarbeiter mit einbezogen. Dazu z\u00e4hlen nicht nur helle, lichtdurchflutete R\u00e4ume, sondern auch gro\u00dfz\u00fcgige 2er-B\u00fcros (kein Gro\u00dfraumb\u00fcro) und Vieles mehr. Die Arbeitspl\u00e4tze sind EDV-technisch mit dem letzten Stand der Technik ausgestattet und in der gesamten Kanzlei gibt es f\u00fcr die warmen Sommertage eine Klimaanlage.<\/p>\n<\/div>\n<\/div><\/div><\/div><div id=\"panel-3194-0-0-2\" class=\"so-panel widget widget_sow-editor\" data-index=\"2\" ><div style=\"text-align: left;\" data-title-color=\"#443f3f\" data-headings-color=\"#443f3f\" data-title_alignment=\"center\" class=\"panel-widget-style panel-widget-style-for-3194-0-0-2\" ><div\n\t\t\t\n\t\t\tclass=\"so-widget-sow-editor so-widget-sow-editor-base\"\n\t\t\t\n\t\t><h4 class=\"widget-title\">Weiterbildung<\/h4>\n<div class=\"siteorigin-widget-tinymce textwidget\">\n\t<p>(Deutsch) <\/p>\n<div class=\"siteorigin-widget-tinymce textwidget\">\n<hr \/>\n<h4 style=\"text-align: center;\"><span style=\"color: #041E42;\">Weiterbildung<\/span><\/h4>\n<hr \/>\n<\/div>\n<\/div>\n<\/div><\/div><\/div><div id=\"panel-3194-0-0-3\" class=\"so-panel widget widget_sow-editor\" data-index=\"3\" ><div style=\"text-align: left;\" data-title-color=\"#443f3f\" data-headings-color=\"#443f3f\" data-title_alignment=\"center\" class=\"panel-widget-style panel-widget-style-for-3194-0-0-3\" ><div\n\t\t\t\n\t\t\tclass=\"so-widget-sow-editor so-widget-sow-editor-base\"\n\t\t\t\n\t\t>\n<div class=\"siteorigin-widget-tinymce textwidget\">\n\t<p>Der Weiterentwicklung von Potenzialen sind bei uns keine Grenzen gesetzt. Bildung wird in unserer Kanzlei gef\u00f6rdert \u2013 egal, ob es sich um fachlich notwendige Ausbildungen handelt um immer auf dem neuesten Stand zu sein, oder ob es sich um ma\u00dfgeschneiderte Personalcoachings in die pers\u00f6nliche Entwicklung unserer Mitarbeiter handelt. In beiden F\u00e4llen profitiert unser Kanzleibetrieb von kompetenten, motivierten Mitarbeitern \u2013 und das unterst\u00fctzen wir.<\/p>\n<\/div>\n<\/div><\/div><\/div><div id=\"panel-3194-0-0-4\" class=\"so-panel widget widget_sow-editor\" data-index=\"4\" ><div style=\"text-align: left;\" data-title-color=\"#443f3f\" data-headings-color=\"#443f3f\" data-title_alignment=\"center\" class=\"panel-widget-style panel-widget-style-for-3194-0-0-4\" ><div\n\t\t\t\n\t\t\tclass=\"so-widget-sow-editor so-widget-sow-editor-base\"\n\t\t\t\n\t\t><h4 class=\"widget-title\">Vereinbarkeit Familie und Beruf<\/h4>\n<div class=\"siteorigin-widget-tinymce textwidget\">\n\t<p>(Deutsch) <\/p>\n<div class=\"siteorigin-widget-tinymce textwidget\">\n<hr \/>\n<h4 style=\"text-align: center;\"><span style=\"color: #041E42;\">Vereinbarkeit Familie und Beruf<\/span><\/h4>\n<hr \/>\n<\/div>\n<\/div>\n<\/div><\/div><\/div><div id=\"panel-3194-0-0-5\" class=\"so-panel widget widget_sow-editor\" data-index=\"5\" ><div style=\"text-align: left;\" data-title-color=\"#443f3f\" data-headings-color=\"#443f3f\" data-title_alignment=\"center\" class=\"panel-widget-style panel-widget-style-for-3194-0-0-5\" ><div\n\t\t\t\n\t\t\tclass=\"so-widget-sow-editor so-widget-sow-editor-base\"\n\t\t\t\n\t\t>\n<div class=\"siteorigin-widget-tinymce textwidget\">\n\t<p>Eine gewisse Flexibilit\u00e4t in der Arbeitseinteilung und Gleitzeitregelungen sind f\u00fcr uns eine Selbstverst\u00e4ndlichkeit. Um unseren Mitarbeitern die Vereinbarkeit von Familie und Beruf so einfach wie m\u00f6glich zu machen, tun wir aber noch mehr als das. So hat sich aus einem ehemaligen B\u00fcroraum die Barenth &amp; Partner \"Kn\u00f6pfchenstube\" entwickelt, eine t\u00e4glich verf\u00fcgbare Kinderkrippe, die wir in der Kanzlei unseren Mitarbeitern kostenlos anbieten - gef\u00f6rdert vom Land Tirol.<\/p>\n<\/div>\n<\/div><\/div><\/div><div id=\"panel-3194-0-0-6\" class=\"so-panel widget widget_sow-editor\" data-index=\"6\" ><div style=\"text-align: left;\" data-title-color=\"#443f3f\" data-headings-color=\"#443f3f\" data-title_alignment=\"center\" class=\"panel-widget-style panel-widget-style-for-3194-0-0-6\" ><div\n\t\t\t\n\t\t\tclass=\"so-widget-sow-editor so-widget-sow-editor-base\"\n\t\t\t\n\t\t><h4 class=\"widget-title\">Mittagessen<\/h4>\n<div class=\"siteorigin-widget-tinymce textwidget\">\n\t<p>(Deutsch) <\/p>\n<div class=\"siteorigin-widget-tinymce textwidget\">\n<hr \/>\n<h4 style=\"text-align: center;\"><span style=\"color: #041E42;\">Mittagessen<\/span><\/h4>\n<hr \/>\n<\/div>\n<\/div>\n<\/div><\/div><\/div><div id=\"panel-3194-0-0-7\" class=\"so-panel widget widget_sow-editor\" data-index=\"7\" ><div style=\"text-align: left;\" data-title-color=\"#443f3f\" data-headings-color=\"#443f3f\" data-title_alignment=\"center\" class=\"panel-widget-style panel-widget-style-for-3194-0-0-7\" ><div\n\t\t\t\n\t\t\tclass=\"so-widget-sow-editor so-widget-sow-editor-base\"\n\t\t\t\n\t\t>\n<div class=\"siteorigin-widget-tinymce textwidget\">\n\t<p>Unsere Mitarbeiter bekommen Essensgutscheine, welche sie in den umliegenden Restaurants in der Innenstadt zum Mittagessen einl\u00f6sen k\u00f6nnen. Bei einer Vollzeitbesch\u00e4ftigung sind das beispielsweise \u20ac 8 pro Arbeitstag, welche f\u00fcr die Verpflegung zus\u00e4tzlich zum Gehalt zur Verf\u00fcgung stehen. Nat\u00fcrlich haben wir auch eine K\u00fcche und Aufenthaltsr\u00e4ume, welche zu Mittag benutzt werden k\u00f6nnen.<\/p>\n<\/div>\n<\/div><\/div><\/div><div id=\"panel-3194-0-0-8\" class=\"so-panel widget widget_sow-editor\" data-index=\"8\" ><div style=\"text-align: left;\" data-title-color=\"#443f3f\" data-headings-color=\"#443f3f\" data-title_alignment=\"center\" class=\"panel-widget-style panel-widget-style-for-3194-0-0-8\" ><div\n\t\t\t\n\t\t\tclass=\"so-widget-sow-editor so-widget-sow-editor-base\"\n\t\t\t\n\t\t><h4 class=\"widget-title\">Flexible Arbeitszeiten<\/h4>\n<div class=\"siteorigin-widget-tinymce textwidget\">\n\t<p>(Deutsch) <\/p>\n<div class=\"siteorigin-widget-tinymce textwidget\">\n<hr \/>\n<h4 style=\"text-align: center;\"><span style=\"color: #041E42;\">Flexible Arbeitszeiten<\/span><\/h4>\n<hr \/>\n<\/div>\n<\/div>\n<\/div><\/div><\/div><div id=\"panel-3194-0-0-9\" class=\"so-panel widget widget_sow-editor\" data-index=\"9\" ><div style=\"text-align: left;\" data-title-color=\"#443f3f\" data-headings-color=\"#443f3f\" data-title_alignment=\"center\" class=\"panel-widget-style panel-widget-style-for-3194-0-0-9\" ><div\n\t\t\t\n\t\t\tclass=\"so-widget-sow-editor so-widget-sow-editor-base\"\n\t\t\t\n\t\t>\n<div class=\"siteorigin-widget-tinymce textwidget\">\n\t<p>Zus\u00e4tzlich zu den Kernarbeitszeiten setzen wir auf Gleitzeitvereinbarungen. All-in? \u00dcberstundenpauschale? Gibt\u2019s bei uns nicht. Wir sind der \u00dcberzeugung, dass jeder das Zusammenspiel von Arbeit und Freizeit selbst bestimmen soll. Darum stimmen wir beispielsweise Urlaube im Team ab. Entscheidend f\u00fcr uns ist, dass unsere Mitarbeiter jene Rahmenbedingungen vorfinden, die zu bestm\u00f6glichen Arbeitsergebnissen und gr\u00f6\u00dftm\u00f6glichem Wohlbefinden f\u00fchren.<\/p>\n<\/div>\n<\/div><\/div><\/div><div id=\"panel-3194-0-0-10\" class=\"so-panel widget widget_sow-editor\" data-index=\"10\" ><div style=\"text-align: left;\" data-title-color=\"#443f3f\" data-headings-color=\"#443f3f\" data-title_alignment=\"center\" class=\"panel-widget-style panel-widget-style-for-3194-0-0-10\" ><div\n\t\t\t\n\t\t\tclass=\"so-widget-sow-editor so-widget-sow-editor-base\"\n\t\t\t\n\t\t><h4 class=\"widget-title\">Freizeitaktivit\u00e4ten<\/h4>\n<div class=\"siteorigin-widget-tinymce textwidget\">\n\t<p>(Deutsch) <\/p>\n<div class=\"siteorigin-widget-tinymce textwidget\">\n<hr \/>\n<h4 style=\"text-align: center;\"><span style=\"color: #041E42;\">Freizeitaktivit\u00e4ten<\/span><\/h4>\n<hr \/>\n<\/div>\n<\/div>\n<\/div><\/div><\/div><div id=\"panel-3194-0-0-11\" class=\"so-panel widget widget_sow-editor\" data-index=\"11\" ><div style=\"text-align: left;\" data-title-color=\"#443f3f\" data-headings-color=\"#443f3f\" data-title_alignment=\"center\" class=\"panel-widget-style panel-widget-style-for-3194-0-0-11\" ><div\n\t\t\t\n\t\t\tclass=\"so-widget-sow-editor so-widget-sow-editor-base\"\n\t\t\t\n\t\t>\n<div class=\"siteorigin-widget-tinymce textwidget\">\n\t<p>Das Arbeitsklima bei Barenth &amp; Partner ist wertsch\u00e4tzend und freundschaftlich. Darum verbringen wir auch abseits des Arbeitsplatzes gerne Zeit miteinander. So haben sich mittlerweile einige Fixpunkte im Jahreskalender herauskristallisiert, vom gemeinsamen Wandern auf umliegende Almen \u00fcber organisierte Skiausfl\u00fcge bis hin zum zwei- oder dreit\u00e4tigen Betriebsausflug - manchmal auch als Flugreise. Wer Zeit und Lust hat, braucht nichts weiter zu tun, als sich zu den Betriebsveranstaltungen anzumelden. Das Wir-Gef\u00fchl und der Zusammenhalt haben f\u00fcr uns eben einen sehr hohen Stellenwert.<\/p>\n<\/div>\n<\/div><\/div><\/div><div id=\"panel-3194-0-0-12\" class=\"so-panel widget widget_sow-editor\" data-index=\"12\" ><div style=\"text-align: left;\" data-title-color=\"#443f3f\" data-headings-color=\"#443f3f\" data-title_alignment=\"center\" class=\"panel-widget-style panel-widget-style-for-3194-0-0-12\" ><div\n\t\t\t\n\t\t\tclass=\"so-widget-sow-editor so-widget-sow-editor-base\"\n\t\t\t\n\t\t><h4 class=\"widget-title\">Fitnessangebote<\/h4>\n<div class=\"siteorigin-widget-tinymce textwidget\">\n\t<p>(Deutsch) <\/p>\n<div class=\"siteorigin-widget-tinymce textwidget\">\n<hr \/>\n<h4 style=\"text-align: center;\"><span style=\"color: #041E42;\">Fitnessangebote<\/span><\/h4>\n<hr \/>\n<\/div>\n<\/div>\n<\/div><\/div><\/div><div id=\"panel-3194-0-0-13\" class=\"so-panel widget widget_sow-editor panel-last-child\" data-index=\"13\" ><div style=\"text-align: left;\" data-title-color=\"#443f3f\" data-headings-color=\"#443f3f\" data-title_alignment=\"center\" class=\"panel-widget-style panel-widget-style-for-3194-0-0-13\" ><div\n\t\t\t\n\t\t\tclass=\"so-widget-sow-editor so-widget-sow-editor-base\"\n\t\t\t\n\t\t>\n<div class=\"siteorigin-widget-tinymce textwidget\">\n\t<p>In der Arbeit rauchen die K\u00f6pfe und du w\u00fcrdest dich als Ausgleich gern sportlich bet\u00e4tigen, um wieder fokussiert weiterarbeiten zu k\u00f6nnen? Kein Problem! Bei Barenth &amp; Partner steht dir eine Zugangsberechtigung zu einem modernen Fitnessstudio inklusive Umkleider\u00e4umen und Duschm\u00f6glichkeiten in Innsbruck zur Verf\u00fcgung. Dieses Angebot kannst du jederzeit kostenlos in Anspruch nehmen. Auch verschiedenste Sportkurse werden dort angeboten und k\u00f6nnen besucht werden.<\/p>\n<\/div>\n<\/div><\/div><\/div><\/div><\/div><\/div><\/div>","protected":false},"excerpt":{"rendered":"<p>(Deutsch) Moderne Arbeitspl\u00e4tze Unsere Kanzlei befindet sich in der Innenstadt in einem Altbau mit repr\u00e4sentativen R\u00e4umen. Bei der Gestaltung der R\u00e4ume wurden [&hellip;]<\/p>\n","protected":false},"author":1,"featured_media":0,"parent":0,"menu_order":3,"comment_status":"closed","ping_status":"closed","template":"page-templates\/page_front-page.php","meta":{"footnotes":""},"class_list":["post-3194","page","type-page","status-publish","hentry"],"amp_enabled":false,"_links":{"self":[{"href":"https:\/\/www.barenth-partner.at\/en\/wp-json\/wp\/v2\/pages\/3194","targetHints":{"allow":["GET"]}}],"collection":[{"href":"https:\/\/www.barenth-partner.at\/en\/wp-json\/wp\/v2\/pages"}],"about":[{"href":"https:\/\/www.barenth-partner.at\/en\/wp-json\/wp\/v2\/types\/page"}],"author":[{"embeddable":true,"href":"https:\/\/www.barenth-partner.at\/en\/wp-json\/wp\/v2\/users\/1"}],"replies":[{"embeddable":true,"href":"https:\/\/www.barenth-partner.at\/en\/wp-json\/wp\/v2\/comments?post=3194"}],"version-history":[{"count":11,"href":"https:\/\/www.barenth-partner.at\/en\/wp-json\/wp\/v2\/pages\/3194\/revisions"}],"predecessor-version":[{"id":4001,"href":"https:\/\/www.barenth-partner.at\/en\/wp-json\/wp\/v2\/pages\/3194\/revisions\/4001"}],"wp:attachment":[{"href":"https:\/\/www.barenth-partner.at\/en\/wp-json\/wp\/v2\/media?parent=3194"}],"curies":[{"name":"wp","href":"https:\/\/api.w.org\/{rel}","templated":true}]}}