{"id":912,"date":"2017-09-23T16:46:09","date_gmt":"2017-09-23T14:46:09","guid":{"rendered":"http:\/\/www.barenth-partner.at\/?page_id=912"},"modified":"2026-03-24T17:57:28","modified_gmt":"2026-03-24T16:57:28","slug":"karriere","status":"publish","type":"page","link":"https:\/\/www.barenth-partner.at\/en\/karriere\/","title":{"rendered":"Career"},"content":{"rendered":"<div id=\"pl-912\"  class=\"panel-layout\" ><div id=\"pg-912-0\"  class=\"panel-grid panel-has-style\" ><div class=\"siteorigin-panels-stretch panel-row-style panel-row-style-for-912-0\" style=\"border-bottom: 1px solid #ffffff;text-align: center;background-image: url(https:\/\/www.barenth-partner.at\/wp-content\/uploads\/2018\/01\/BLICKFANG_0040-e1516391269190.jpg);padding: 300px 0; \" data-stretch-type=\"full\" data-hasbg=\"hasbg\" data-overlay-color=\"#000000\" ><div id=\"pgc-912-0-0\"  class=\"panel-grid-cell panel-grid-cell-empty\" ><\/div><\/div><\/div><div id=\"pg-912-1\"  class=\"panel-grid panel-has-style\" ><div class=\"siteorigin-panels-stretch mob-pad-0 panel-row-style panel-row-style-for-912-1\" style=\"border-bottom: 1px solid #ffffff;padding: 20px 0; \" data-stretch-type=\"full\" data-overlay=\"true\" data-overlay-color=\"#000000\" ><div id=\"pgc-912-1-0\"  class=\"panel-grid-cell\" ><div id=\"panel-912-1-0-0\" class=\"so-panel widget widget_sow-editor panel-first-child\" data-index=\"0\" ><div style=\"text-align: left;\" data-title-color=\"#443f3f\" data-headings-color=\"#443f3f\" data-title_alignment=\"center\" class=\"panel-widget-style panel-widget-style-for-912-1-0-0\" ><div\n\t\t\t\n\t\t\tclass=\"so-widget-sow-editor so-widget-sow-editor-base\"\n\t\t\t\n\t\t>\n<div class=\"siteorigin-widget-tinymce textwidget\">\n\t<p>&nbsp;<\/p>\n<p style=\"text-align: center;\">Are you looking for a professional challenge, have a preference for numbers and are characterized by a careful and accurate way of working?<br \/>\nThen we would be happy to welcome you soon as a new member of our young, dynamic team and look forward to receiving your application.<\/p>\n<p style=\"text-align: center;\">\n<\/div>\n<\/div><\/div><\/div><div id=\"panel-912-1-0-1\" class=\"so-panel widget widget_sow-editor\" data-index=\"1\" ><div style=\"text-align: left;\" data-title-color=\"#443f3f\" data-headings-color=\"#443f3f\" data-title_alignment=\"center\" class=\"panel-widget-style panel-widget-style-for-912-1-0-1\" ><div\n\t\t\t\n\t\t\tclass=\"so-widget-sow-editor so-widget-sow-editor-base\"\n\t\t\t\n\t\t>\n<div class=\"siteorigin-widget-tinymce textwidget\">\n\t<hr \/>\n<h3 style=\"text-align: center;\"><span style=\"color: #041e42;\">Vacancies<\/span><\/h3>\n<hr \/>\n<h5 style=\"text-align: center;\">BilanzbuchhalterIn (m\/w\/d)<\/h5>\n<h5 style=\"text-align: center;\">PersonalverrechnerIn (m\/w\/d)<\/h5>\n<h5 style=\"text-align: center;\">FinanzbuchhalterIn (m\/w\/d)<\/h5>\n<h6>Berufsanw\u00e4rter k\u00f6nnen sich jederzeit initiativ bewerben:<\/h6>\n<h5 style=\"text-align: center;\"><a href=\"https:\/\/www.barenth-partner.at\/wp-content\/uploads\/2023\/01\/Inserat-Website-STB-ANW.pdf\" target=\"_blank\" rel=\"noopener\">Steuerberater-Berufswanw\u00e4rter (m\/w\/d)<\/a><\/h5>\n<h5 style=\"text-align: center;\"><a href=\"https:\/\/www.barenth-partner.at\/wp-content\/uploads\/2023\/01\/Inserat-Website-WP-ANW.pdf\" target=\"_blank\" rel=\"noopener\">Wirtschaftspr\u00fcfer-Berufsanw\u00e4rter (m\/w\/d)<\/a><\/h5>\n<p>&nbsp;<\/p>\n<p>Keine passende Stelle gefunden? Wir sind regelm\u00e4\u00dfig auf der Suche nach motivierten Mitarbeiter:innen. Gerne k\u00f6nnen Sie sich daher auch jederzeit initiativ bewerben!<\/p>\n<p>Sollten Sie Neu-, Wieder- oder auch Quereinsteiger mit Ambitionen sein, z\u00f6gern Sie nicht, sich bei uns zu bewerben. Gerne geben wir auch Newcomern die Chance zur beruflichen Weiterentwicklung inkl. umfassender Ausbildung in unserer Kanzlei sowie an unseren Partner-Ausbildungsinstituten.<\/p>\n<p>&nbsp;<\/p>\n<hr \/>\n<h3 style=\"text-align: center;\"><span style=\"color: #041e42;\">Your Application<\/span><\/h3>\n<hr \/>\n<p style=\"text-align: center;\">You are welcome to send us your application to the following address:<\/p>\n<h5 style=\"text-align: center;\">Barenth &amp; Partner<br \/>\nWirtschaftspr\u00fcfungs- und Steuerberatungsgesellschaft mbH<br \/>\nMuseumstra\u00dfe 5, 6020 Innsbruck<br \/>\n<a href=\"mailto:office@barenth-partner.at\">office@barenth-partner.at<\/a><\/h5>\n<p style=\"text-align: center;\">Sie k\u00f6nnen auch gerne unten stehendes Formular ausf\u00fcllen oder noch einfacher, rufen Sie uns einfach an!<\/p>\n<p style=\"text-align: center;\">Wir freuen uns sehr auf Ihre Bewerbung und behandeln jede Bewerbung streng vertraulich!<\/p>\n<\/div>\n<\/div><\/div><\/div><div id=\"panel-912-1-0-2\" class=\"so-panel widget widget_wpforms-widget wpforms-widget\" data-index=\"2\" ><div style=\"text-align: left;\" data-title-color=\"#443f3f\" data-headings-color=\"#443f3f\" class=\"panel-widget-style panel-widget-style-for-912-1-0-2\" ><h4 class=\"widget-title\">Bewerbung<\/h4><div class=\"wpforms-container wpforms-container-full\" id=\"wpforms-1199\"><form id=\"wpforms-form-1199\" class=\"wpforms-validate wpforms-form\" data-formid=\"1199\" method=\"post\" enctype=\"multipart\/form-data\" action=\"\/en\/wp-json\/wp\/v2\/pages\/912?wpforms_form_id=1199\" data-token=\"605a34a310b4a9796d6b034168f8c72a\" data-token-time=\"1777745586\"><noscript class=\"wpforms-error-noscript\">Please enable JavaScript in your browser to complete this form.<\/noscript><div class=\"wpforms-field-container\"><div id=\"wpforms-1199-field_0-container\" class=\"wpforms-field wpforms-field-name\" data-field-id=\"0\"><label class=\"wpforms-field-label\">Name <span class=\"wpforms-required-label\">*<\/span><\/label><div class=\"wpforms-field-row wpforms-field-medium\"><div class=\"wpforms-field-row-block wpforms-first wpforms-one-half\"><input type=\"text\" id=\"wpforms-1199-field_0\" class=\"wpforms-field-name-first wpforms-field-required\" name=\"wpforms[fields][0][first]\" required><label for=\"wpforms-1199-field_0\" class=\"wpforms-field-sublabel after\">First<\/label><\/div><div class=\"wpforms-field-row-block wpforms-one-half\"><input type=\"text\" id=\"wpforms-1199-field_0-last\" class=\"wpforms-field-name-last wpforms-field-required\" name=\"wpforms[fields][0][last]\" required><label for=\"wpforms-1199-field_0-last\" class=\"wpforms-field-sublabel after\">Last<\/label><\/div><\/div><\/div><div id=\"wpforms-1199-field_1-container\" class=\"wpforms-field wpforms-field-email\" data-field-id=\"1\"><label class=\"wpforms-field-label\" for=\"wpforms-1199-field_1\">E-Mail-Adresse <span class=\"wpforms-required-label\">*<\/span><\/label><input type=\"email\" id=\"wpforms-1199-field_1\" class=\"wpforms-field-medium wpforms-field-required\" name=\"wpforms[fields][1]\" spellcheck=\"false\" required><\/div><div id=\"wpforms-1199-field_3-container\" class=\"wpforms-field wpforms-field-radio\" data-field-id=\"3\"><label class=\"wpforms-field-label\">Bewerbung als<\/label><ul id=\"wpforms-1199-field_3\"><li class=\"choice-7 depth-1\"><input type=\"radio\" id=\"wpforms-1199-field_3_7\" name=\"wpforms[fields][3]\" value=\"Steuerberater \/ Wirtschaftspr\u00fcfer\"  ><label class=\"wpforms-field-label-inline\" for=\"wpforms-1199-field_3_7\">Steuerberater \/ Wirtschaftspr\u00fcfer<\/label><\/li><li class=\"choice-1 depth-1\"><input type=\"radio\" id=\"wpforms-1199-field_3_1\" name=\"wpforms[fields][3]\" value=\"Berufsanw\u00e4rter Steuerberater\"  ><label class=\"wpforms-field-label-inline\" for=\"wpforms-1199-field_3_1\">Berufsanw\u00e4rter Steuerberater<\/label><\/li><li class=\"choice-6 depth-1\"><input type=\"radio\" id=\"wpforms-1199-field_3_6\" name=\"wpforms[fields][3]\" value=\"Berufsanw\u00e4rter Wirtschaftspr\u00fcfer\"  ><label class=\"wpforms-field-label-inline\" for=\"wpforms-1199-field_3_6\">Berufsanw\u00e4rter Wirtschaftspr\u00fcfer<\/label><\/li><li class=\"choice-2 depth-1\"><input type=\"radio\" id=\"wpforms-1199-field_3_2\" name=\"wpforms[fields][3]\" value=\"Bilanzierung\/Buchhaltung\"  ><label class=\"wpforms-field-label-inline\" for=\"wpforms-1199-field_3_2\">Bilanzierung\/Buchhaltung<\/label><\/li><li class=\"choice-3 depth-1\"><input type=\"radio\" id=\"wpforms-1199-field_3_3\" name=\"wpforms[fields][3]\" value=\"Lohnverrechnung\"  ><label class=\"wpforms-field-label-inline\" for=\"wpforms-1199-field_3_3\">Lohnverrechnung<\/label><\/li><li class=\"choice-5 depth-1\"><input type=\"radio\" id=\"wpforms-1199-field_3_5\" name=\"wpforms[fields][3]\" value=\"Sonstiges\"  ><label class=\"wpforms-field-label-inline\" for=\"wpforms-1199-field_3_5\">Sonstiges<\/label><\/li><\/ul><\/div><div id=\"wpforms-1199-field_6-container\" class=\"wpforms-field wpforms-field-file-upload\" data-field-id=\"6\"><label class=\"wpforms-field-label\" for=\"wpforms-1199-field_6\">Datei-Upload<\/label><div\n\t\tclass=\"wpforms-uploader \"\n\t\tdata-field-id=\"6\"\n\t\tdata-form-id=\"1199\"\n\t\tdata-input-name=\"wpforms_1199_6\"\n\t\tdata-extensions=\"jpg,pdf\"\n\t\tdata-max-size=\"10485760\"\n\t\tdata-max-file-number=\"1\"\n\t\tdata-post-max-size=\"62914560\"\n\t\tdata-max-parallel-uploads=\"4\"\n\t\tdata-parallel-uploads=\"true\"\n\t\tdata-file-chunk-size=\"2097152\">\n\t<div class=\"dz-message\">\n\t\t<svg  viewBox=\"0 0 640 640\" focusable=\"false\" data-icon=\"inbox\" width=\"50px\" height=\"50px\" fill=\"currentColor\" aria-hidden=\"true\">\n\t\t\t<path d=\"M352 173.3L352 384C352 401.7 337.7 416 320 416C302.3 416 288 401.7 288 384L288 173.3L246.6 214.7C234.1 227.2 213.8 227.2 201.3 214.7C188.8 202.2 188.8 181.9 201.3 169.4L297.3 73.4C309.8 60.9 330.1 60.9 342.6 73.4L438.6 169.4C451.1 181.9 451.1 202.2 438.6 214.7C426.1 227.2 405.8 227.2 393.3 214.7L352 173.3zM320 464C364.2 464 400 428.2 400 384L480 384C515.3 384 544 412.7 544 448L544 480C544 515.3 515.3 544 480 544L160 544C124.7 544 96 515.3 96 480L96 448C96 412.7 124.7 384 160 384L240 384C240 428.2 275.8 464 320 464zM464 488C477.3 488 488 477.3 488 464C488 450.7 477.3 440 464 440C450.7 440 440 450.7 440 464C440 477.3 450.7 488 464 488z\"\/>\n\t\t<\/svg>\n\n\t\t<span class=\"modern-title\">\n\t\t\t\t\t\t\tDrag &amp; Drop Files, \t\t\t\t<span>Choose Files to Upload<\/span>\n\t\t\t\t\t<\/span>\n\n\t\t\t<\/div>\n<\/div>\n\n<input\n\t\ttype=\"text\"\n\t\tautocomplete=\"off\"\n\t\treadonly\n\t\tclass=\"dropzone-input\"\n\t\tstyle=\"position:absolute!important;clip:rect(0,0,0,0)!important;height:1px!important;width:1px!important;border:0!important;overflow:hidden!important;padding:0!important;margin:0!important;\"\n\t\tid=\"wpforms-1199-field_6\"\n\t\tname=\"wpforms_1199_6\" \t\tvalue=\"\">\n<\/div><div id=\"wpforms-1199-field_2-container\" class=\"wpforms-field wpforms-field-textarea\" data-field-id=\"2\"><label class=\"wpforms-field-label\" for=\"wpforms-1199-field_2\">Nachricht an uns <span class=\"wpforms-required-label\">*<\/span><\/label><textarea id=\"wpforms-1199-field_2\" class=\"wpforms-field-medium wpforms-field-required\" name=\"wpforms[fields][2]\" required><\/textarea><div class=\"wpforms-field-description\">\u00dcber dieses Formular k\u00f6nnen Sie gerne in Kontakt mit uns treten. Wir bem\u00fchen uns, Ihnen rasch eine R\u00fcckmeldung zu Ihrer Bewerbung zu geben.<\/div><\/div><div id=\"wpforms-1199-field_10-container\" class=\"wpforms-field wpforms-field-checkbox\" data-field-id=\"10\"><label class=\"wpforms-field-label\">Erlaubnis Evidenzhaltung Bewerberdaten nach DSGVO<\/label><ul id=\"wpforms-1199-field_10\"><li class=\"choice-1 depth-1\"><input type=\"checkbox\" id=\"wpforms-1199-field_10_1\" name=\"wpforms[fields][10][]\" value=\"Zustimmung erteilt\"  ><label class=\"wpforms-field-label-inline\" for=\"wpforms-1199-field_10_1\">Zustimmung erteilt<\/label><\/li><\/ul><div class=\"wpforms-field-description\">Im Zuge der DSGVO (EU Datenschutzgrundverordnung) sind personenbezogene Daten zu l\u00f6schen, nachdem der Zweck dieser Verarbeitung erf\u00fcllt ist. Dieser Zweck ist erf\u00fcllt, sobald die angegebene Stelle besetzt oder widerrufen wurde.\r\n\r\nUm ihre Bewerberdaten dennoch in Evidenz halten zu k\u00f6nnen, wird eine Best\u00e4tigung von ihnen daf\u00fcr ben\u00f6tigt.\r\n\r\nIhnen steht das Recht auf Berichtigung, L\u00f6schung, Einschr\u00e4nkung und Widerspruch zu. Daf\u00fcr wenden Sie sich an uns.\r\n\r\nWenn Sie die Checkbox \"Zustimmung erteilt\" ausw\u00e4hlen stimmen Sie zu, dass Ihre Bewerberdaten in Evidenz gehalten und bis auf Ihren Widerruf gespeichert werden d\u00fcrfen. <\/div><\/div><\/div><!-- .wpforms-field-container --><div class=\"wpforms-field wpforms-field-hp\"><label for=\"wpforms-1199-field-hp\" class=\"wpforms-field-label\">Phone<\/label><input type=\"text\" name=\"wpforms[hp]\" id=\"wpforms-1199-field-hp\" class=\"wpforms-field-medium\"><\/div><div class=\"wpforms-submit-container\" ><input type=\"hidden\" name=\"wpforms[id]\" value=\"1199\"><input type=\"hidden\" name=\"page_title\" value=\"\"><input type=\"hidden\" name=\"page_url\" value=\"https:\/\/www.barenth-partner.at\/en\/wp-json\/wp\/v2\/pages\/912\"><input type=\"hidden\" name=\"url_referer\" value=\"\"><button type=\"submit\" name=\"wpforms[submit]\" id=\"wpforms-submit-1199\" class=\"wpforms-submit\" data-alt-text=\"Sende...\" data-submit-text=\"Senden\" aria-live=\"assertive\" value=\"wpforms-submit\">Senden<\/button><\/div><\/form><\/div>  <!-- .wpforms-container --><\/div><\/div><div id=\"panel-912-1-0-3\" class=\"so-panel widget widget_media_video panel-last-child\" data-index=\"3\" ><div style=\"text-align: left;\" data-title-color=\"#47425d\" data-headings-color=\"#443f3f\" data-title_alignment=\"center\" class=\"panel-widget-style panel-widget-style-for-912-1-0-3\" ><h4 class=\"widget-title\">Karriere Spot<\/h4><div style=\"width:100%;\" class=\"wp-video\"><video class=\"wp-video-shortcode\" id=\"video-912-1\" preload=\"metadata\" controls=\"controls\"><source type=\"video\/youtube\" src=\"https:\/\/youtu.be\/zAMXfvdrAbk?_=1\" \/><a href=\"https:\/\/youtu.be\/zAMXfvdrAbk\">https:\/\/youtu.be\/zAMXfvdrAbk<\/a><\/video><\/div><\/div><\/div><\/div><\/div><\/div><div id=\"pg-912-2\"  class=\"panel-grid panel-has-style\" ><div class=\"siteorigin-panels-stretch panel-row-style panel-row-style-for-912-2\" style=\"border-bottom: 1px solid #ffffff;padding: 20px 0; \" data-stretch-type=\"full\" data-overlay=\"true\" data-overlay-color=\"#000000\" ><div id=\"pgc-912-2-0\"  class=\"panel-grid-cell panel-grid-cell-empty\" ><\/div><\/div><\/div><\/div>","protected":false},"excerpt":{"rendered":"<p>&nbsp; Are you looking for a professional challenge, have a preference for numbers and are characterized by a careful and accurate way [&hellip;]<\/p>\n","protected":false},"author":1,"featured_media":0,"parent":0,"menu_order":0,"comment_status":"closed","ping_status":"closed","template":"page-templates\/page_front-page.php","meta":{"footnotes":""},"class_list":["post-912","page","type-page","status-publish","hentry"],"amp_enabled":false,"_links":{"self":[{"href":"https:\/\/www.barenth-partner.at\/en\/wp-json\/wp\/v2\/pages\/912","targetHints":{"allow":["GET"]}}],"collection":[{"href":"https:\/\/www.barenth-partner.at\/en\/wp-json\/wp\/v2\/pages"}],"about":[{"href":"https:\/\/www.barenth-partner.at\/en\/wp-json\/wp\/v2\/types\/page"}],"author":[{"embeddable":true,"href":"https:\/\/www.barenth-partner.at\/en\/wp-json\/wp\/v2\/users\/1"}],"replies":[{"embeddable":true,"href":"https:\/\/www.barenth-partner.at\/en\/wp-json\/wp\/v2\/comments?post=912"}],"version-history":[{"count":324,"href":"https:\/\/www.barenth-partner.at\/en\/wp-json\/wp\/v2\/pages\/912\/revisions"}],"predecessor-version":[{"id":4008,"href":"https:\/\/www.barenth-partner.at\/en\/wp-json\/wp\/v2\/pages\/912\/revisions\/4008"}],"wp:attachment":[{"href":"https:\/\/www.barenth-partner.at\/en\/wp-json\/wp\/v2\/media?parent=912"}],"curies":[{"name":"wp","href":"https:\/\/api.w.org\/{rel}","templated":true}]}}