{"id":2408,"date":"2018-05-20T17:18:02","date_gmt":"2018-05-20T15:18:02","guid":{"rendered":"https:\/\/www.barenth-partner.at\/?page_id=2408"},"modified":"2025-05-05T18:07:52","modified_gmt":"2025-05-05T16:07:52","slug":"impressum","status":"publish","type":"page","link":"https:\/\/www.barenth-partner.at\/ru\/impressum\/","title":{"rendered":"(Deutsch) Impressum"},"content":{"rendered":"<div id=\"pl-2408\"  class=\"panel-layout\" ><div id=\"pg-2408-0\"  class=\"panel-grid panel-has-style\" ><div class=\"siteorigin-panels-stretch panel-row-style panel-row-style-for-2408-0\" style=\"padding: 100px 0; \" data-stretch-type=\"full\" data-overlay=\"true\" data-overlay-color=\"#000000\" ><div id=\"pgc-2408-0-0\"  class=\"panel-grid-cell\" ><div id=\"panel-2408-0-0-0\" class=\"so-panel widget widget_sow-editor panel-first-child panel-last-child\" data-index=\"0\" ><div style=\"text-align: left;\" data-title-color=\"#443f3f\" data-headings-color=\"#443f3f\" data-title_alignment=\"center\" class=\"panel-widget-style panel-widget-style-for-2408-0-0-0\" ><div\n\t\t\t\n\t\t\tclass=\"so-widget-sow-editor so-widget-sow-editor-base\"\n\t\t\t\n\t\t>\n<div class=\"siteorigin-widget-tinymce textwidget\">\n\t<h3>ECG - Impressum - Offenlegung<\/h3>\n<h4>Informationen gem. \u00a7 5 E-Commerce Gesetz (ECG)<\/h4>\n<p>Museumstra\u00dfe 5 | 6020 Innsbruck | Austria<\/p>\n<p>Telefon: 0512 588 000<br \/>\nFax: 0512 588 000 21<br \/>\nMail: office@barenth-partner.at<br \/>\nWeb: <a href=\"https:\/\/www.barenth-partner.at\">https:\/\/www.barenth-partner.at<\/a><\/p>\n<p>Firmengericht: Landesgericht Innsbruck<br \/>\nFirmenbuchnummer: 274171v<br \/>\nRechtsform: Gesellschaft mit beschr\u00e4nkter Haftung<\/p>\n<p>UID-Nummer: ATU62308746<\/p>\n<h4>Aufsichtsbeh\u00f6rden<\/h4>\n<p><a href=\"http:\/\/ksw.or.at\" target=\"_blank\" rel=\"noopener\">Kammer der Steuerberater und Wirtschaftspr\u00fcfer<\/a><\/p>\n<p><a href=\"https:\/\/firmen.wko.at\/Web\/DetailsKontakt.aspx?FirmaID=15f4061f-629e-4cac-aaa5-835791a64a70\" target=\"_blank\" rel=\"noopener\">Wirtschaftskammer \u00d6sterreich<\/a><\/p>\n<p><a href=\"https:\/\/www.apab.gv.at\/\" target=\"_blank\" rel=\"noopener\">APAB - Abschlusspr\u00fcferaufsichtsbeh\u00f6rde<\/a><\/p>\n<p>Beh\u00f6rde gem. ECG (E-Commerce Gesetz): Magistrat der Stadt Innsbruck<br \/>\nAnwendbare Rechtsvorschriften: WTBG, A-QSG<\/p>\n<h4>Offenlegung gem. \u00a7 25 Mediengesetz (MedienG)<\/h4>\n<p>Medieninhaber: Barenth &amp; Partner Wirtschaftspr\u00fcfungs- und Steuerberatungsgesellschaft mbH<br \/>\nFirmensitz: Innsbruck<br \/>\nUnternehmensgegenstand: Wirtschaftspr\u00fcfung, Steuerberatung, Unternehmensberatung<br \/>\nGesch\u00e4ftsf\u00fchrer: Mag. Peter Barenth, Mag. Mariia Barenth-Gurina, Simon Zangerl, MSc, Mag. Christian Barenth<\/p>\n<h4>Sprachliche Gleichbehandlung<\/h4>\n<p>Soweit auf den Seiten des Internetauftritts\u00a0 personenbezogene Bezeichnungen angef\u00fchrt sind, beziehen sie sich auf Frauen und M\u00e4nner in gleicher Weise. Bei Anwendung auf bestimmte Personen wird die jeweils geschlechtsspezifische Form verwendet.<\/p>\n<div class=\"wpb_text_column wpb_content_element \">\n<div class=\"wpb_wrapper\">\n<div class=\"wpb_text_column wpb_content_element \">\n<div class=\"wpb_wrapper\">\n<div class=\"wpb_text_column wpb_content_element \">\n<div class=\"wpb_wrapper\">\n<div class=\"wpb_text_column wpb_content_element \">\n<div class=\"wpb_wrapper\">\n<h4>Copyright \/ Haftung<\/h4>\n<p>Im Hinblick auf die technischen Eigenschaften des Internets kann keine Gew\u00e4hr f\u00fcr die Authentizit\u00e4t, Richtigkeit und Vollst\u00e4ndigkeit der im Internet zur Verf\u00fcgung gestellten Informationen \u00fcbernommen werden. Es wird auch keine Gew\u00e4hr f\u00fcr die Verf\u00fcgbarkeit oder den Betrieb der gegenst\u00e4ndlichen Homepage und ihrer Inhalte \u00fcbernommen. Jede Haftung f\u00fcr unmittelbare, mittelbare oder sonstige Sch\u00e4den, unabh\u00e4ngig von deren Ursachen, die aus der Benutzung oder Nichtverf\u00fcgbarkeit der Daten und Informationen dieser Homepage erwachsen, wird, soweit rechtlich zul\u00e4ssig, ausgeschlossen.<\/p>\n<\/div>\n<\/div>\n<\/div>\n<\/div>\n<\/div>\n<\/div>\n<\/div>\n<\/div>\n<aside class=\"gap cf\"><\/aside>\n<div class=\"wpb_text_column wpb_content_element \">\n<div class=\"wpb_wrapper\">\n<h4>Haftungsausschluss<\/h4>\n<p>Rechtlicher Hinweis zu Hyperlinks: Wir machen uns den Inhalt verlinkter bzw. empfohlener Webseiten nicht zu eigen und \u00fcbernehmen f\u00fcr etwaige Rechtsverst\u00f6\u00dfe auf diesen Seiten keine Haftung. Der Autor erkl\u00e4rt daher ausdr\u00fccklich, dass zum Zeitpunkt der Verlinkung die entsprechenden Websites frei von illegalen Inhalten waren. Der Autor hat keinerlei Einfluss auf die aktuelle und zuk\u00fcnftige Gestaltung und auf die Inhalte der empfohlenen Websites und n\u00fctzlichen Links. Es gilt der Haftungsausschluss.<\/p>\n<\/div>\n<\/div>\n<\/div>\n<\/div><\/div><\/div><\/div><\/div><\/div><\/div>","protected":false},"excerpt":{"rendered":"<p>ECG &#8212; Impressum &#8212; Offenlegung Informationen gem. \u00a7 5 E-Commerce Gesetz (ECG) Museumstra\u00dfe 5 | 6020 Innsbruck | Austria Telefon: 0512 588 [&hellip;]<\/p>\n","protected":false},"author":1,"featured_media":0,"parent":0,"menu_order":0,"comment_status":"closed","ping_status":"closed","template":"page-templates\/page_front-page.php","meta":{"footnotes":""},"class_list":["post-2408","page","type-page","status-publish","hentry"],"amp_enabled":false,"_links":{"self":[{"href":"https:\/\/www.barenth-partner.at\/ru\/wp-json\/wp\/v2\/pages\/2408","targetHints":{"allow":["GET"]}}],"collection":[{"href":"https:\/\/www.barenth-partner.at\/ru\/wp-json\/wp\/v2\/pages"}],"about":[{"href":"https:\/\/www.barenth-partner.at\/ru\/wp-json\/wp\/v2\/types\/page"}],"author":[{"embeddable":true,"href":"https:\/\/www.barenth-partner.at\/ru\/wp-json\/wp\/v2\/users\/1"}],"replies":[{"embeddable":true,"href":"https:\/\/www.barenth-partner.at\/ru\/wp-json\/wp\/v2\/comments?post=2408"}],"version-history":[{"count":12,"href":"https:\/\/www.barenth-partner.at\/ru\/wp-json\/wp\/v2\/pages\/2408\/revisions"}],"predecessor-version":[{"id":3905,"href":"https:\/\/www.barenth-partner.at\/ru\/wp-json\/wp\/v2\/pages\/2408\/revisions\/3905"}],"wp:attachment":[{"href":"https:\/\/www.barenth-partner.at\/ru\/wp-json\/wp\/v2\/media?parent=2408"}],"curies":[{"name":"wp","href":"https:\/\/api.w.org\/{rel}","templated":true}]}}